{"id":3043,"date":"2018-05-20T18:24:07","date_gmt":"2018-05-20T16:24:07","guid":{"rendered":"https:\/\/www.aieop.org\/web\/web\/?page_id=3043"},"modified":"2026-03-26T10:15:44","modified_gmt":"2026-03-26T09:15:44","slug":"chi-siamo","status":"publish","type":"page","link":"https:\/\/www.aieop.org\/web\/chi-siamo\/","title":{"rendered":"Chi siamo"},"content":{"rendered":"<div class=\"fusion-fullwidth fullwidth-box fusion-builder-row-1 fusion-flex-container full-height hundred-percent-fullwidth non-hundred-percent-height-scrolling\" style=\"--awb-border-radius-top-left:0px;--awb-border-radius-top-right:0px;--awb-border-radius-bottom-right:0px;--awb-border-radius-bottom-left:0px;--awb-padding-top:20px;--awb-padding-bottom:20px;--awb-margin-top:0px;--awb-margin-bottom:0px;--awb-flex-wrap:wrap;\" ><div class=\"fusion-builder-row fusion-row fusion-flex-align-items-flex-start fusion-flex-justify-content-center fusion-flex-content-wrap\" style=\"width:104% !important;max-width:104% !important;margin-left: calc(-4% \/ 2 );margin-right: calc(-4% \/ 2 );\"><div class=\"fusion-layout-column fusion_builder_column fusion-builder-column-0 fusion_builder_column_1_1 1_1 fusion-flex-column\" style=\"--awb-bg-size:cover;--awb-width-large:100%;--awb-margin-top-large:0px;--awb-spacing-right-large:1.92%;--awb-margin-bottom-large:0px;--awb-spacing-left-large:1.92%;--awb-width-medium:100%;--awb-spacing-right-medium:1.92%;--awb-spacing-left-medium:1.92%;--awb-width-small:100%;--awb-spacing-right-small:1.92%;--awb-spacing-left-small:1.92%;\" id=\"associazione-chi-siamo\"><div class=\"fusion-column-wrapper fusion-flex-justify-content-flex-start fusion-content-layout-column\"><div class=\"fusion-title title fusion-title-1 fusion-title-text fusion-title-size-two pagina-interna\" style=\"--awb-sep-color:#c4c4c4;\"><div class=\"title-sep-container title-sep-container-left fusion-no-large-visibility fusion-no-medium-visibility fusion-no-small-visibility\"><div class=\"title-sep sep-double sep-solid\" style=\"border-color:#c4c4c4;\"><\/div><\/div><span class=\"awb-title-spacer fusion-no-large-visibility fusion-no-medium-visibility fusion-no-small-visibility\"><\/span><h2 class=\"fusion-title-heading title-heading-left\" style=\"margin:0;\">L&#8217;Associazione<\/h2><span class=\"awb-title-spacer\"><\/span><div class=\"title-sep-container title-sep-container-right\"><div class=\"title-sep sep-double sep-solid\" style=\"border-color:#c4c4c4;\"><\/div><\/div><\/div><div class=\"fusion-text fusion-text-1\"><p>A.I.E.O.P. \u00e8 l&#8217;Associazione Italiana di Ematologia e Oncologia Pediatrica. I suoi soci sono principalmente pediatri, ma anche ematologi, oncologi, chirurghi, biologi, infermieri, psicologi e tutti quegli operatori che si dedicano ai problemi dell&#8217;ematologia, dell&#8217;oncologia e dell\u2019immunologia nel bambino e nell\u2019adolescente.<br \/>\nI soci si sono dati un\u2019organizzazione per lavorare insieme ed i centri aderenti all\u2019Associazione si sono riuniti in una Rete collaborativa nazionale che condivide proto- colli di terapia e progetti di ricerca.<br \/>\nObiettivo principale dell\u2019AIEOP \u00e8 quello di migliorare le cure e l&#8217;assistenza al bambino affetto da tumore, disordini ematologici o immunodeficit e promuovere la ricerca in questo ambito.<br \/>\nL\u2019AIEOP \u00e8 diretta da un Consiglio Direttivo che ha la funzione di realizzare gli obiettivi dell\u2019Associazione e verificare che le diverse attivit\u00e0 si svolgano nel rispetto di quanto indicato nello Statuto e nel Regolamento.<br \/>\nUn compito fondamentale dell\u2019Associazione \u00e8 quello di promuovere e favorire tutte le iniziative finalizzate a incrementare e valorizzare l&#8217;umanizzazione dell&#8217;assi- stenza al bambino ematologico-oncologico e alla sua famiglia.<\/p>\n<h4><\/h4>\n<\/div><div class=\"accordian fusion-accordian toggle-custom-01 link-custom-01\" style=\"--awb-border-size:1px;--awb-icon-size:1px;--awb-content-font-size:13px;--awb-icon-alignment:left;--awb-hover-color:#f9f9f9;--awb-border-color:#cccccc;--awb-background-color:#ffffff;--awb-divider-color:#e0dede;--awb-divider-hover-color:#e0dede;--awb-icon-color:#ffffff;--awb-title-color:#333333;--awb-content-color:#747474;--awb-icon-box-color:#333333;--awb-toggle-hover-accent-color:#ffffff;--awb-title-font-family:&quot;Montserrat&quot;;--awb-title-font-weight:400;--awb-title-font-style:normal;--awb-title-font-size:13px;--awb-content-font-family:&quot;Montserrat&quot;;--awb-content-font-style:normal;--awb-content-font-weight:400;\" id=\"toggle-custom-01\"><div class=\"panel-group fusion-toggle-icon-unboxed\" id=\"accordion-3043-1\"><div class=\"fusion-panel panel-default panel-070ff91e5ada79635 fusion-toggle-no-divider\" style=\"--awb-title-color:#333333;\"><div class=\"panel-heading\"><h4 class=\"panel-title toggle\" id=\"toggle_070ff91e5ada79635\"><a aria-expanded=\"false\" aria-controls=\"070ff91e5ada79635\" role=\"button\" data-toggle=\"collapse\" data-parent=\"#accordion-3043-1\" data-target=\"#070ff91e5ada79635\" href=\"#070ff91e5ada79635\"><span class=\"fusion-toggle-icon-wrapper\" aria-hidden=\"true\"><i class=\"fa-fusion-box active-icon awb-icon-minus\" aria-hidden=\"true\"><\/i><i class=\"fa-fusion-box inactive-icon awb-icon-plus\" aria-hidden=\"true\"><\/i><\/span><span class=\"fusion-toggle-heading\">Breve storia dell'Associazione<\/span><\/a><\/h4><\/div><div id=\"070ff91e5ada79635\" class=\"panel-collapse collapse \" aria-labelledby=\"toggle_070ff91e5ada79635\"><div class=\"panel-body toggle-content fusion-clearfix\">\n<p><strong>I primi passi<\/strong><br \/>\nLa prima documentazione dell\u2019attivit\u00e0 di un gruppo cooperatore in oncologia e ematologia pediatrica \u00e8 rappresentata dalla stesura del protocollo per il trattamento delle leucemie acute ad opera di Enrico Madon, Franco Mandelli, Alberto Marmont, Giuseppe Masera e Guido Paolucci. Tale protocollo trova adesione e applicazione nel 1971.<br \/>\nNel corso del XXXVI Congresso della Societ\u00e0 Italiana di Pediatria, a Parma, nel 1973, per iniziativa diGirolamo Digilio e Giuseppe Masera, si costituisce il primo gruppo di pediatri interessati all&#8217;ematologia infantile: il Gruppo Italiano di Ematologia Pediatrica (GIEP), cui aderiscono Burgio, Colarizzi, Madon, Massimo, Mori, Rasore-Quartino, Russo, Sansone, Schettini, Vecchio e Vullo. La prima riunione costitutiva si tiene il 7 dicembre 1973, in occasione del I\u00b0 Simposio Internazionale del trattamento della leucemia. Il gruppo elabora uno statuto e inizia a sviluppare protocolli comuni di ricerca e di terapia, in particolare per le malattie ematologiche.<br \/>\nNell&#8217;aprile 1974, a Santa Margherita Ligure, il GIEP elegge gli organi provvisori e approva lo statuto.<br \/>\nSu suggerimento della Prof.ssa Luisa Massimo si tiene nello stesso anno, sempre a Santa Margherita Ligure, una riunione allargata a tutti i pediatri interessati all&#8217;Ematologia, in occasione del Congresso della Societ\u00e0 Europea per l\u2019Immunologia e Ematologia Pediatrica (ESPHI). In quella occasione si decide di fondare un\u2019associazione, con lo scopo di individuare e standardizzare metodi diagnostici per le varie malattie ematologiche ed oncologiche, usare protocolli terapeutici comuni e valutare criticamente i risultati ottenuti.<\/p>\n<p><strong>1975: nasce l\u2019Associazione Italiana di Ematologia ed Immunoematologia Pediatrica (AIEIP)<\/strong><br \/>\nL\u2019atto costitutivo del la associazione, denominata Associazione Italiana di Immunologia e Oncologia Pediatrica (AIEIP), \u00e8 redatto il 6 marzo 1975 a Genova dal notaio Giuseppe Torrente (repertorio 6161, raccolta 1384, registrato in Genova il 20\/3\/75 al n. 3851). Soci fondatori sono Luisa Massimo, Alberto Rasore-Quartino, Paolo Moscatelli, Edoardo Franchini, Mirella Pasino, Anna Giovannelli, Antonio Acquaviva, Alberto Astaldi, Luigi Borgatti, Guido Borra, Rodolfo Bracci, Luisa Businco, Antonio Cao, Erminia Carapella, Modesto Carli, Vittorio Carnelli, Adriana Ceci, Franco Ghiara, Adele Comelli, Enzo Corbella, Antonio Correra, Giulio Cristofori, Ugo De Bellis, Bruno De Bernardi, Domenico Del Principe, Domenico De Mattia, Girolarno Digilio, Alberto Gazzola, Roberto Genova, Ettore Genovesi, Rosa Ladogana, Enrico Madon, Pierantonio Macchia, Angelo Marciani, Antonietta Marchi, Giuseppe Masera, Massimo Masi, Maria Concezione Memoli, Roberto Miniero, Pier Giorgio Mori, Giuseppe Mulatti, Livia Pagliano, Guido Paolucci, Domenico Rosati, Pasquale Rosito, Giuseppe Russo, Gaetano Santangelo, Francesco Schettini, Gino Schilir\u00f2, Rosa Antonietta Nasone, Cornelio Uderzo, Alberto Ugazio, Calogero Vullo.<br \/>\nL&#8217;Associazione ha sede in Roma presso la I Clinica Pediatrica. L\u2019atto costitutivo \u00e8 integrato dallo Statuto nel quale si precisa che l&#8217;iscrizione a socio per i laureati in Medicina \u00e8 condizionato dalla preventiva iscrizione alla SlP, e che l&#8217;AIEIP \u00e8 una Societ\u00e0 affiliata alla SIP (modifica dell\u20191\/4\/78).<\/p>\n<p><strong>I Congressi annuali e il Bollettino<\/strong><br \/>\nNegli anni successivi si svolgono annualmente congressi dove sono presentati i risultati delle numerose ricerche dei soci. L\u2019AIEIP cresce sul piano organizzativo e i congressi annuali acquistano rilevanza sempre maggiore, mentre aumenta la partecipazione e migliora il livello scientifico. Partecipano ai congressi anche illustri scienziati italiani o di origine italiana che hanno lavorato o lavorano all\u2019estero, quali Sergio Piomelli (New York), Lucio Luzzato (Napoli) e Joseph Simone (Memphis). Nel 1980 si decide di affidare al prof. Guido Paolucci il compito di compilare un bollettino periodico informativo che pubblichi anche i protocolli aperti AIEIP.<br \/>\nNel marzo 1981 vede la luce il primo Bollettino della AIEIP, con il contributo della Immuno S.p.A. di Pisa, che prosegue la sua pubblicazione con cadenza alterna sino al 1987.<\/p>\n<p><strong>1981 &#8211; La nuova denominazione: Associazione Italiana di Ematologia e Oncologia Pediatrica (AIEOP)<\/strong><br \/>\nNel 1981 \u00e8 proposta la modifica della denominazione in Associazione Italiana di Ematologia e Oncologia Pediatrica (AIEOP). La proposta \u00e8 approvata dall\u2019assemblea dei soci del 22 ottobre 1981 a Bologna. Il relativo atto costitutivo viene redatto dal notaio Luciana Bignozzi a Bologna il 22\/10\/81 repertorio 13466 fascicolo 2307 registrato a Imola il 9\/11\/81 n. 2859 iv., vol. 160; la sede dell\u2019associazione \u00e8 confermata a Roma, presso la Segreteria della SIP.<br \/>\nL\u2019AIEOP \u00e8 la prima associazione al mondo che, oltre a stilare protocolli nazionali per il trattamento delle leucemie e tumori nell&#8217;infanzia, si occupa di creare una banca dati per l\u2019inserimento dei casi e la valutazione e la gestione dei protocolli. Nasce cos\u00ec anche il registro degli Off-therapy della leucemia ed il registro dei trapianti di midollo in et\u00e0 pediatrica. L\u2019AIEOP si occupa anche di ematologia non oncologica; sono redatte, tra l\u2019altro, le \u201craccomandazioni per il trattamento della talassemia\u201d (A. Cao, V. Gabutti, G. Masera, B. Modell, G. Sirchia, C. Vullo) che nella edizione del 1989 sono stampate in lingua inglese, per la diffusione nel bacino del Mediterraneo. Viene sviluppato il registro nazionale AIEOP della Thalassemia e il programma computerizzato Computhal in collaborazione con il Cooleycare, una delle prime cartelle cliniche on-line.<\/p>\n<p><strong>I Gruppi di Lavoro<\/strong><br \/>\nL\u2019AIEOP \u00e8 organizzata in gruppi di lavoro (GL) alla cui guida si succedono, come coordinatori, soci con particolare esperienza e competenza. Fin dall&#8217;inizio sono costituiti i GL Ematologia neonatale, Coagulazione, Thalassemia e trasfusioni, Immunologia, Oncologia ai quali si sono aggiunti progressivamente quelli di Epidemiologia, Leucemie Acute, Anemie da difetti di membrana, Cellule staminali e fattori di crescita e successivamente i gruppi sui Tumori solidi, Linfomi, Difetti di membrana, Terapia di supporto, Trapianto di midollo, Tumori del SNC, Sarcomi delle parti molli, Tumori cellule germinali, Nefroblastoma, Osteosarcomi, Sarcoma di Ewing, Linfoma di Hodgkin, Linfoma non Hodgkin, Retinoblastoma, Epatocarcinoma. (L\u2019elenco degli attuali GL costituisce l\u2019allegato 6 del Regolamento AIEOP v.01 del 30.09.2009).<\/p>\n<p><strong>La costituzione della FONOP<\/strong><br \/>\nDurante il congresso di Catania (25\/5\/89) si delibera la costituzione della FONOP della durata di tre anni e rinnovabile dopo la prima verifica (documento costitutivo approvato al congresso AIEOP di Firenze il 25\/4\/90) i cui compiti sono:<br \/>\na) ridisegnare l\u2019organizzazione generale e settoriale della attivit\u00e0 oncologica pediatrica sui modelli OMS adeguando il numero dei centri ai bisogni reali della popolazione individuando strategie e mezzi per l&#8217;attuazione.<br \/>\nb) organizzare la gestione dei protocolli di trattamento integrando le componenti cliniche, biologiche, statistiche ed informatiche.<br \/>\nLa struttura della FONOP comprende il Comitato Centrale (composto dai Proff. Madon, Mandelli, Masera, Schettini e Zanesco e coordinato dal Prof. Paolucci e successivamente anche dalla Prof.ssa Massimo), il Collegio dei Direttori\/Primari (dei centri di riferimento e\/o unit\u00e0 associate), il Comitato Scientifico (i responsabili pro tempore dei protocolli nazionali finanziati dal CNR, dal MURST, dal Ministero della Sanit\u00e0 o comunque approvati dalla AIEOP), il Comitato metodologico.<br \/>\nOltre ai Soci Ordinari l\u2019AIEOP nomina Soci onorari figure di spicco nel campo della Ematologia i cui contributi hanno apportato notevoli progressi alla ematologia pediatrica (l\u2019elenco dei soci onorari costituisce l\u2019allegato 1 del Regolamento AIEOP v.01 del 30.09.2009).<\/p>\n<p><strong>Le Giornate AIEOP<\/strong><br \/>\nIl 13 e 14 novembre 2000 si tengono a Cattolica le prime giornate AIEOP, dove i responsabili dei GL relazionano a tutti i soci sulle attivit\u00e0 svolte nel corso dell\u2019anno. Nel corso dell\u2019assemblea sono ratificate le modifiche dello statuto che concernono la possibilit\u00e0 di appartenere all\u2019associazione, in qualit\u00e0 di soci aderenti e la competenza del CD di accettare le domande di socio ordinario (precedentemente di competenza dell\u2019assemblea). Tali modifiche sono ratificate nell\u2019atto del 14\/11\/2000 repertorio 1809, raccolta 524 registrato a Rimini dal notaio Pietro Ducci di Cattolica.<\/p>\n<p><strong>La segreteria dell\u2019AIEOP<\/strong><br \/>\nNel dicembre 2002 viene creata la Segreteria AIEOP col compito della gestione ordinaria di tutte le attivit\u00e0 dell\u2019associazione e la tenuta della contabilit\u00e0. Viene assunta la dottoressa Tiziana Landi.<\/p>\n<p><strong>Il nuovo statuto<\/strong><br \/>\nL\u2019associazione era stata costituita con una durata di 30 anni, cos\u00ec si rende necessaria una modifica dello Statuto per prolungarne l\u2019esistenza ad una durata illimitata. Il nuovo Atto Costitutivo \u00e8 approvato dall\u2019assemblea generale a Verona, nel corso del Congresso Nazionale del 2003. In tale occasione \u00e8 trasferita la sede da Roma (presso la segreteria SIP), a Bologna, in via Massarenti n. 11 (presso il Policlinico S. Orsola-Malpighi). Atto del 15\/11\/2003 repertorio n. 411, raccolta n. 109 registrato a Caprino Veronese dal notaio Pasquale Farinaro.<br \/>\nNel nuovo statuto sono anche inseriti gli articoli previsti dalla nuova normativa sugli enti no profit. L\u2019associazione decide di farsi affiancare da una Fondazione, ente \u201cONLUS\u201d per la gestione della parte economico-finanziaria. L\u2019effettivo funzionamento della Fondazione, costituita il 15 ottobre 2007 con atto del notaio Carlo Vico di Bologna, necessita ancora di alcuni passi, al fine di rispondere alle esigenze per cui \u00e8 stata pensata.<\/p>\n<\/div><\/div><\/div><div class=\"fusion-panel panel-default panel-c56936a5a8334786f fusion-toggle-no-divider\"><div class=\"panel-heading\"><h4 class=\"panel-title toggle\" id=\"toggle_c56936a5a8334786f\"><a aria-expanded=\"false\" aria-controls=\"c56936a5a8334786f\" role=\"button\" data-toggle=\"collapse\" data-parent=\"#accordion-3043-1\" data-target=\"#c56936a5a8334786f\" href=\"#c56936a5a8334786f\"><span class=\"fusion-toggle-icon-wrapper\" aria-hidden=\"true\"><i class=\"fa-fusion-box active-icon awb-icon-minus\" aria-hidden=\"true\"><\/i><i class=\"fa-fusion-box inactive-icon awb-icon-plus\" aria-hidden=\"true\"><\/i><\/span><span class=\"fusion-toggle-heading\">Atti dell'Associazione<\/span><\/a><\/h4><\/div><div id=\"c56936a5a8334786f\" class=\"panel-collapse collapse \" aria-labelledby=\"toggle_c56936a5a8334786f\"><div class=\"panel-body toggle-content fusion-clearfix\">\n<p><a href=\"\/web\/wp-content\/uploads\/2019\/05\/Atto-Costitutivo.pdf\" target=\"_blank\" rel=\"noopener noreferrer\"><br \/>\n<strong>ATTO COSTITUTIVO<\/strong><br \/>\n<\/a><\/p>\n<p><a href=\"\/web\/wp-content\/uploads\/2020\/01\/Statuto-2020.pdf\" target=\"_blank\" rel=\"noopener noreferrer\"><br \/>\n<strong>STATUTO<\/strong><\/a><\/p>\n<p><strong><a href=\"https:\/\/www.aieop.org\/web\/wp-content\/uploads\/2024\/05\/Regolamento-AIEOP-1.pdf\" target=\"_blank\" rel=\"noopener\">Regolamento AIEOP<\/a><\/strong><\/p>\n<p><a href=\"https:\/\/www.aieop.org\/web\/wp-content\/uploads\/2026\/03\/ALLEGATO-1-Elenco-Centri-AIEOP-1.pdf\" target=\"_blank\" rel=\"noopener\">ALLEGATO 1 &#8211; Elenco Centri AIEOP<\/a><\/p>\n<p><a href=\"https:\/\/www.aieop.org\/web\/wp-content\/uploads\/2024\/05\/ALLEGATO-2-Quota-Associativa-Centri.pdf\">ALLEGATO 2 &#8211; Quota Associativa Centri<\/a><\/p>\n<p><a href=\"https:\/\/www.aieop.org\/web\/wp-content\/uploads\/2023\/04\/ALLEGATO-3-Autocertificazione-Centri.pdf\" target=\"_blank\" rel=\"noopener\">ALLEGATO 3 &#8211; Autocertificazione Centri<\/a><\/p>\n<p><a href=\"https:\/\/www.aieop.org\/web\/wp-content\/uploads\/2023\/04\/ALLEGATO-4-Regolamento-per-la-selezione-del-personale.pdf\" target=\"_blank\" rel=\"noopener\">ALLEGATO 4 &#8211; Regolamento per la selezione del <\/a><a href=\"https:\/\/www.aieop.org\/web\/wp-content\/uploads\/2023\/04\/ALLEGATO-4-Regolamento-per-la-selezione-del-personale.pdf\" target=\"_blank\" rel=\"noopener\">personale<\/a><\/p>\n<p><a href=\"https:\/\/www.aieop.org\/web\/wp-content\/uploads\/2024\/09\/ALLEGATO-5-Elenco-Gruppi-di-Lavoro.pdf\" target=\"_blank\" rel=\"noopener\">ALLEGATO 5 &#8211; Elenco Gruppi di Lavoro<\/a><\/p>\n<p><a href=\"https:\/\/www.aieop.org\/web\/wp-content\/uploads\/2023\/04\/Allegato-6-Linee-guida-per-la-proposta-e-gestione-degli-studi-AIEOP-1.pdf\" target=\"_blank\" rel=\"noopener\">ALLEGATO 6 &#8211; Linee guida per la proposta e gestione degli studi AIEOP<\/a><\/p>\n<p><a href=\"https:\/\/www.aieop.org\/web\/wp-content\/uploads\/2023\/04\/Appendice1_allegato6.pdf\" target=\"_blank\" rel=\"noopener\">Appendice1_allegato6<\/a><\/p>\n<p><a href=\"https:\/\/www.aieop.org\/web\/wp-content\/uploads\/2023\/04\/Appendice2_allegato6.pdf\" target=\"_blank\" rel=\"noopener\">Appendice2_allegato6<\/a><\/p>\n<\/div><\/div><\/div><div class=\"fusion-panel panel-default panel-1e3a65dc6bf39529e fusion-toggle-no-divider\"><div class=\"panel-heading\"><h4 class=\"panel-title toggle\" id=\"toggle_1e3a65dc6bf39529e\"><a aria-expanded=\"false\" aria-controls=\"1e3a65dc6bf39529e\" role=\"button\" data-toggle=\"collapse\" data-parent=\"#accordion-3043-1\" data-target=\"#1e3a65dc6bf39529e\" href=\"#1e3a65dc6bf39529e\"><span class=\"fusion-toggle-icon-wrapper\" aria-hidden=\"true\"><i class=\"fa-fusion-box active-icon awb-icon-minus\" aria-hidden=\"true\"><\/i><i class=\"fa-fusion-box inactive-icon awb-icon-plus\" aria-hidden=\"true\"><\/i><\/span><span class=\"fusion-toggle-heading\">Collegio dei Revisori<\/span><\/a><\/h4><\/div><div id=\"1e3a65dc6bf39529e\" class=\"panel-collapse collapse \" aria-labelledby=\"toggle_1e3a65dc6bf39529e\"><div class=\"panel-body toggle-content fusion-clearfix\">\n<p><strong>I Revisori dei conti per il mandato 2025-2027 sono:<\/strong><\/p>\n<p>Dott. Roberto D\u2019Onghia<\/p>\n<p>Dott.ssa Terry Di Bari<\/p>\n<p>Dott. Salvatore Rizzello<\/p>\n<p>I compensi per il collegio dei revisori sono pari a complessivi Euro 3.463,20.<\/p>\n<table width=\"45%\">\n<tbody>\n<tr>\n<td><\/td>\n<\/tr>\n<tr>\n<td><\/td>\n<\/tr>\n<tr>\n<td width=\"48%\"><\/td>\n<td><\/td>\n<\/tr>\n<tr>\n<td width=\"48%\"><\/td>\n<td><\/td>\n<\/tr>\n<tr>\n<td width=\"48%\"><\/td>\n<td><\/td>\n<\/tr>\n<\/tbody>\n<\/table>\n<\/div><\/div><\/div><div class=\"fusion-panel panel-default panel-c86d343dd543411fd fusion-toggle-no-divider\" style=\"--awb-title-color:#333333;\"><div class=\"panel-heading\"><h4 class=\"panel-title toggle\" id=\"toggle_c86d343dd543411fd\"><a aria-expanded=\"false\" aria-controls=\"c86d343dd543411fd\" role=\"button\" data-toggle=\"collapse\" data-parent=\"#accordion-3043-1\" data-target=\"#c86d343dd543411fd\" href=\"#c86d343dd543411fd\"><span class=\"fusion-toggle-icon-wrapper\" aria-hidden=\"true\"><i class=\"fa-fusion-box active-icon awb-icon-minus\" aria-hidden=\"true\"><\/i><i class=\"fa-fusion-box inactive-icon awb-icon-plus\" aria-hidden=\"true\"><\/i><\/span><span class=\"fusion-toggle-heading\">Bilanci<\/span><\/a><\/h4><\/div><div id=\"c86d343dd543411fd\" class=\"panel-collapse collapse \" aria-labelledby=\"toggle_c86d343dd543411fd\"><div class=\"panel-body toggle-content fusion-clearfix\">\n<p><a href=\"\/web\/wp-content\/uploads\/2020\/01\/Bilancio-2017.pdf\" target=\"_blank\" rel=\"noopener noreferrer\">Bilancio consuntivo 2017<\/a><\/p>\n<p><a href=\"\/web\/wp-content\/uploads\/2020\/01\/BILANCIO-E-NOTA-INTEGRATIVA2018.pdf\" target=\"_blank\" rel=\"noopener noreferrer\">Bilancio consuntivo 2018<\/a><\/p>\n<p><a href=\"\/web\/wp-content\/uploads\/2021\/01\/BILANCIO-E-NOTA-INTEGRATIVA-AIEOP-2019.pdf\" target=\"_blank\" rel=\"noopener noreferrer\">Bilancio consuntivo 2019<\/a><\/p>\n<p><a href=\"\/web\/wp-content\/uploads\/2021\/09\/BILANCIO-E-NOTA-INTEGRATIVA-2020.pdf\" target=\"_blank\" rel=\"noopener noreferrer\">Bilancio consuntivo 2020<\/a><\/p>\n<p><a href=\"https:\/\/www.aieop.org\/web\/wp-content\/uploads\/2023\/04\/Bilancio-consuntivo-2021.pdf\" target=\"_blank\" rel=\"noopener\">Bilancio consuntivo 2021<\/a><\/p>\n<p><a href=\"https:\/\/www.aieop.org\/web\/wp-content\/uploads\/2023\/04\/Bilancio-consuntivo-2022.pdf\">Bilancio consuntivo 2022<\/a><\/p>\n<p><a href=\"https:\/\/www.aieop.org\/web\/wp-content\/uploads\/2023\/04\/AIEOP-RELAZIONE-MISSIONE-2022.pdf\">AIEOP RELAZIONE MISSIONE 2022<\/a><\/p>\n<p><a href=\"https:\/\/www.aieop.org\/web\/wp-content\/uploads\/2024\/07\/AIEOP-Bilancio-al-31.12.2023.pdf\">Bilancio consuntivo 2023<\/a><\/p>\n<p><a href=\"https:\/\/www.aieop.org\/web\/wp-content\/uploads\/2024\/07\/AIEOP-RELAZIONE-MISSIONE-2023.pdf\">AIEOP RELAZIONE MISSIONE 2023<\/a><\/p>\n<table style=\"height: 149px;\" width=\"212\">\n<tbody>\n<tr>\n<td><\/td>\n<\/tr>\n<tr>\n<td><\/td>\n<\/tr>\n<tr>\n<td width=\"48%\"><\/td>\n<td><\/td>\n<\/tr>\n<tr>\n<td width=\"48%\"><\/td>\n<td><\/td>\n<\/tr>\n<tr>\n<td width=\"48%\"><\/td>\n<td><\/td>\n<\/tr>\n<\/tbody>\n<\/table>\n<\/div><\/div><\/div><div class=\"fusion-panel panel-default panel-b5d5c8f2db9003f0e fusion-toggle-no-divider\" style=\"--awb-title-color:#333333;\"><div class=\"panel-heading\"><h4 class=\"panel-title toggle\" id=\"toggle_b5d5c8f2db9003f0e\"><a aria-expanded=\"false\" aria-controls=\"b5d5c8f2db9003f0e\" role=\"button\" data-toggle=\"collapse\" data-parent=\"#accordion-3043-1\" data-target=\"#b5d5c8f2db9003f0e\" href=\"#b5d5c8f2db9003f0e\"><span class=\"fusion-toggle-icon-wrapper\" aria-hidden=\"true\"><i class=\"fa-fusion-box active-icon awb-icon-minus\" aria-hidden=\"true\"><\/i><i class=\"fa-fusion-box inactive-icon awb-icon-plus\" aria-hidden=\"true\"><\/i><\/span><span class=\"fusion-toggle-heading\">Codice Etico<\/span><\/a><\/h4><\/div><div id=\"b5d5c8f2db9003f0e\" class=\"panel-collapse collapse \" aria-labelledby=\"toggle_b5d5c8f2db9003f0e\"><div class=\"panel-body toggle-content fusion-clearfix\">\n<p><a href=\"https:\/\/www.aieop.org\/web\/wp-content\/uploads\/2023\/04\/Codice-Etico.pdf\" target=\"_blank\" rel=\"noopener\">Codice Etico<\/a><\/p>\n<\/div><\/div><\/div><div class=\"fusion-panel panel-default panel-1f78b4eb37dc59090 fusion-toggle-no-divider\" style=\"--awb-title-color:#333333;\"><div class=\"panel-heading\"><h4 class=\"panel-title toggle\" id=\"toggle_1f78b4eb37dc59090\"><a aria-expanded=\"false\" aria-controls=\"1f78b4eb37dc59090\" role=\"button\" data-toggle=\"collapse\" data-parent=\"#accordion-3043-1\" data-target=\"#1f78b4eb37dc59090\" href=\"#1f78b4eb37dc59090\"><span class=\"fusion-toggle-icon-wrapper\" aria-hidden=\"true\"><i class=\"fa-fusion-box active-icon awb-icon-minus\" aria-hidden=\"true\"><\/i><i class=\"fa-fusion-box inactive-icon awb-icon-plus\" aria-hidden=\"true\"><\/i><\/span><span class=\"fusion-toggle-heading\">SOP<\/span><\/a><\/h4><\/div><div id=\"1f78b4eb37dc59090\" class=\"panel-collapse collapse \" aria-labelledby=\"toggle_1f78b4eb37dc59090\"><div class=\"panel-body toggle-content fusion-clearfix\">\n<p><a href=\"https:\/\/www.aieop.org\/web\/wp-content\/uploads\/2023\/09\/SOP-ver-1.0-2020-12-31.pdf\" target=\"_blank\" rel=\"noopener\">SOP ver 1.0 2020-12-31<\/a><\/p>\n<\/div><\/div><\/div><div class=\"fusion-panel panel-default panel-0c98bcdb19ea8d7e4 fusion-toggle-no-divider\" style=\"--awb-title-color:#333333;\"><div class=\"panel-heading\"><h4 class=\"panel-title toggle\" id=\"toggle_0c98bcdb19ea8d7e4\"><a aria-expanded=\"false\" aria-controls=\"0c98bcdb19ea8d7e4\" role=\"button\" data-toggle=\"collapse\" data-parent=\"#accordion-3043-1\" data-target=\"#0c98bcdb19ea8d7e4\" href=\"#0c98bcdb19ea8d7e4\"><span class=\"fusion-toggle-icon-wrapper\" aria-hidden=\"true\"><i class=\"fa-fusion-box active-icon awb-icon-minus\" aria-hidden=\"true\"><\/i><i class=\"fa-fusion-box inactive-icon awb-icon-plus\" aria-hidden=\"true\"><\/i><\/span><span class=\"fusion-toggle-heading\">Soci Onorari<\/span><\/a><\/h4><\/div><div id=\"0c98bcdb19ea8d7e4\" class=\"panel-collapse collapse \" aria-labelledby=\"toggle_0c98bcdb19ea8d7e4\"><div class=\"panel-body toggle-content fusion-clearfix\">\n<p><a href=\"https:\/\/www.aieop.org\/web\/wp-content\/uploads\/2025\/09\/Soci-Onorari-AIEOP.pdf\" target=\"_blank\" rel=\"noopener\">Soci Onorari AIEOP<\/a><\/p>\n<\/div><\/div><\/div><\/div><\/div><\/div><\/div><\/div><\/div>\n","protected":false},"excerpt":{"rendered":"","protected":false},"author":1,"featured_media":216,"parent":0,"menu_order":0,"comment_status":"closed","ping_status":"closed","template":"","meta":{"footnotes":""},"class_list":["post-3043","page","type-page","status-publish","has-post-thumbnail","hentry"],"_links":{"self":[{"href":"https:\/\/www.aieop.org\/web\/wp-json\/wp\/v2\/pages\/3043","targetHints":{"allow":["GET"]}}],"collection":[{"href":"https:\/\/www.aieop.org\/web\/wp-json\/wp\/v2\/pages"}],"about":[{"href":"https:\/\/www.aieop.org\/web\/wp-json\/wp\/v2\/types\/page"}],"author":[{"embeddable":true,"href":"https:\/\/www.aieop.org\/web\/wp-json\/wp\/v2\/users\/1"}],"replies":[{"embeddable":true,"href":"https:\/\/www.aieop.org\/web\/wp-json\/wp\/v2\/comments?post=3043"}],"version-history":[{"count":67,"href":"https:\/\/www.aieop.org\/web\/wp-json\/wp\/v2\/pages\/3043\/revisions"}],"predecessor-version":[{"id":11978,"href":"https:\/\/www.aieop.org\/web\/wp-json\/wp\/v2\/pages\/3043\/revisions\/11978"}],"wp:featuredmedia":[{"embeddable":true,"href":"https:\/\/www.aieop.org\/web\/wp-json\/wp\/v2\/media\/216"}],"wp:attachment":[{"href":"https:\/\/www.aieop.org\/web\/wp-json\/wp\/v2\/media?parent=3043"}],"curies":[{"name":"wp","href":"https:\/\/api.w.org\/{rel}","templated":true}]}}